{"id":1332,"date":"2022-03-17T16:04:57","date_gmt":"2022-03-17T15:04:57","guid":{"rendered":"https:\/\/aunouveaugourmet.alwaysdata.net\/?page_id=1332"},"modified":"2022-03-29T16:49:24","modified_gmt":"2022-03-29T14:49:24","slug":"mentions-legales","status":"publish","type":"page","link":"https:\/\/aunouveaugourmet.alwaysdata.net\/index.php\/mentions-legales\/","title":{"rendered":"Mentions l\u00e9gales"},"content":{"rendered":"\n<p>H\u00e9bergeur : AlwaysData<\/p>\n\n\n\n<p>Adresse h\u00e9bergeur : 91 rue du Faubourg Saint Honor\u00e9 &#8211; 75008 Paris.<\/p>\n\n\n\n<p>SIRET : 84972155000010<\/p>\n","protected":false},"excerpt":{"rendered":"<p>H\u00e9bergeur : AlwaysData Adresse h\u00e9bergeur : 91 rue du Faubourg Saint Honor\u00e9 &#8211; 75008 Paris. SIRET : 84972155000010<\/p>\n","protected":false},"author":1,"featured_media":0,"parent":0,"menu_order":0,"comment_status":"closed","ping_status":"closed","template":"","meta":{"site-sidebar-layout":"default","site-content-layout":"default","ast-main-header-display":"","ast-hfb-above-header-display":"","ast-hfb-below-header-display":"","ast-hfb-mobile-header-display":"","site-post-title":"","ast-breadcrumbs-content":"","ast-featured-img":"","footer-sml-layout":"","theme-transparent-header-meta":"","adv-header-id-meta":"","stick-header-meta":"","header-above-stick-meta":"","header-main-stick-meta":"","header-below-stick-meta":""},"_links":{"self":[{"href":"https:\/\/aunouveaugourmet.alwaysdata.net\/index.php\/wp-json\/wp\/v2\/pages\/1332"}],"collection":[{"href":"https:\/\/aunouveaugourmet.alwaysdata.net\/index.php\/wp-json\/wp\/v2\/pages"}],"about":[{"href":"https:\/\/aunouveaugourmet.alwaysdata.net\/index.php\/wp-json\/wp\/v2\/types\/page"}],"author":[{"embeddable":true,"href":"https:\/\/aunouveaugourmet.alwaysdata.net\/index.php\/wp-json\/wp\/v2\/users\/1"}],"replies":[{"embeddable":true,"href":"https:\/\/aunouveaugourmet.alwaysdata.net\/index.php\/wp-json\/wp\/v2\/comments?post=1332"}],"version-history":[{"count":2,"href":"https:\/\/aunouveaugourmet.alwaysdata.net\/index.php\/wp-json\/wp\/v2\/pages\/1332\/revisions"}],"predecessor-version":[{"id":1455,"href":"https:\/\/aunouveaugourmet.alwaysdata.net\/index.php\/wp-json\/wp\/v2\/pages\/1332\/revisions\/1455"}],"wp:attachment":[{"href":"https:\/\/aunouveaugourmet.alwaysdata.net\/index.php\/wp-json\/wp\/v2\/media?parent=1332"}],"curies":[{"name":"wp","href":"https:\/\/api.w.org\/{rel}","templated":true}]}}